{"id":5915,"date":"2021-11-16T14:37:34","date_gmt":"2021-11-16T14:37:34","guid":{"rendered":"https:\/\/www.pflegedienst-hayat.de\/bakim-modelimiz\/"},"modified":"2022-03-29T18:19:35","modified_gmt":"2022-03-29T18:19:35","slug":"hayat-bakim-konsepti","status":"publish","type":"page","link":"https:\/\/www.pflegedienst-hayat.de\/tr\/hayat-bakim-konsepti\/","title":{"rendered":"Bak\u0131m Konseptimiz"},"content":{"rendered":"<div class=\"fusion-fullwidth fullwidth-box fusion-builder-row-1 fusion-flex-container nonhundred-percent-fullwidth non-hundred-percent-height-scrolling fusion-animated\" style=\"--awb-border-radius-top-left:0px;--awb-border-radius-top-right:0px;--awb-border-radius-bottom-right:0px;--awb-border-radius-bottom-left:0px;--awb-margin-top:59px;--awb-margin-bottom:120px;--awb-margin-bottom-medium:80px;--awb-margin-bottom-small:60px;--awb-flex-wrap:wrap;\" data-animationType=\"fadeInUp\" data-animationDuration=\"1.3\" data-animationOffset=\"top-into-view\" ><div class=\"fusion-builder-row fusion-row fusion-flex-align-items-center fusion-flex-justify-content-center fusion-flex-content-wrap\" style=\"max-width:1216.8px;margin-left: calc(-4% \/ 2 );margin-right: calc(-4% \/ 2 );\"><div class=\"fusion-layout-column fusion_builder_column fusion-builder-column-0 fusion_builder_column_1_2 1_2 fusion-flex-column\" style=\"--awb-bg-size:cover;--awb-width-large:50%;--awb-margin-top-large:0px;--awb-spacing-right-large:3.84%;--awb-margin-bottom-large:20px;--awb-spacing-left-large:3.84%;--awb-width-medium:100%;--awb-order-medium:0;--awb-spacing-right-medium:1.92%;--awb-spacing-left-medium:1.92%;--awb-width-small:100%;--awb-order-small:0;--awb-spacing-right-small:1.92%;--awb-spacing-left-small:1.92%;\"><div class=\"fusion-column-wrapper fusion-column-has-shadow fusion-flex-justify-content-flex-start fusion-content-layout-column\"><div class=\"fusion-text fusion-text-1\"><\/div><div class=\"fusion-title title fusion-title-1 fusion-title-center fusion-title-text fusion-title-size-two\" style=\"--awb-margin-top:10px;--awb-margin-right:0px;--awb-margin-bottom:40px;--awb-margin-left:0px;--awb-margin-top-small:10px;--awb-margin-right-small:0px;--awb-margin-bottom-small:50px;--awb-margin-left-small:0px;\"><div class=\"title-sep-container title-sep-container-left\"><div class=\"title-sep sep- sep-solid\" style=\"border-color:var(--awb-color3);\"><\/div><\/div><span class=\"awb-title-spacer\"><\/span><h2 class=\"fusion-title-heading title-heading-center fusion-responsive-typography-calculated\" style=\"margin:0;text-transform:none;--fontSize:42;line-height:var(--awb-typography1-line-height);\">Bak\u0131m Konseptimiz<\/h2><span class=\"awb-title-spacer\"><\/span><div class=\"title-sep-container title-sep-container-right\"><div class=\"title-sep sep- sep-solid\" style=\"border-color:var(--awb-color3);\"><\/div><\/div><\/div><i class=\"fb-icon-element-1 fb-icon-element fontawesome-icon classic-heart circle-yes\" style=\"--awb-circlecolor-hover:var(--awb-color4);--awb-circlebordercolor:var(--awb-color6);--awb-circlebordercolor-hover:var(--awb-color4);--awb-circlebordersize:0px;--awb-font-size:39px;--awb-width:101px;--awb-height:101px;--awb-line-height:101px;--awb-align-self:center;--awb-margin-top:0px;--awb-margin-right:0px;--awb-margin-bottom:40px;--awb-margin-left:0px;\"><\/i><div class=\"fusion-text fusion-text-2\"><p>N\u00fcrnberg ve F\u00fcrth kentlerinde nitelikli T\u00fcrk\u00e7e hizmet veriyoruz. Herkesin bireysel istek, ihtiya\u00e7, inan\u00e7 ve k\u00fclt\u00fcre g\u00f6re bak\u0131m hakk\u0131 oldu\u011funa inan\u0131yoruz. Monika Krohwinkel konsepti ve \u0130slami hassasiyetleri \u00f6nem vererek bir sentez i\u00e7inde \u00e7al\u0131\u015f\u0131yoruz.<\/p>\n<p>HAYAT ekibi blin\u00e7li olarak b\u00f6lgede e\u015fsiz olan kurumumuzda \u00e7al\u0131\u015fmaktad\u0131rlar. Hastalar\u0131m\u0131z\u0131n sosyal ve hem\u015firelik ihtiya\u00e7lar\u0131 \u00f6nceli\u011fimizdir. Yetkin bak\u0131m ve insanl\u0131k \u00f6geleri ilkelerimizdir. T\u00fcrk bak\u0131m hizmeti HAYAT, kalp, el ve mant\u0131k ile bak\u0131m\u0131 temsil eder.<\/p>\n<h2>T\u00dcRK BAKIM H\u0130ZMET\u0130&#8217;NDEN N\u00dcRNBERG VE F\u00dcRTH&#8217;TE DUYARLI BAKIM<\/h2>\n<p>Hastalar\u0131m\u0131z\u0131n bireysel istekleri ve memnuniyeti \u00f6nceli\u011fimizdir. Bak\u0131ma muhta\u00e7 her insan\u0131 beden, zihin ve ruh birli\u011fi olarak g\u00f6r\u00fcyoruz. Al\u0131\u015fkanl\u0131klar\u0131n\u0131 ve yeteneklerini, k\u00f6kenlerini, sa\u011fl\u0131klar\u0131n\u0131 dikkate al\u0131r ve ba\u011f\u0131ms\u0131zl\u0131klar\u0131n\u0131 korur ve destekleriz. HAYAT T\u00fcrk hem\u015firelik servisi ekibi planl\u0131, hedef odakl\u0131, kaynak tasarrufu sa\u011flayarak kaliteli bir \u015fekilde \u00e7al\u0131\u015fmaktad\u0131r. Hastalar\u0131 bak\u0131m s\u00fcrecine aktif kat\u0131lmalar\u0131 i\u00e7in motive ediyoruz.<\/p>\n<\/div><\/div><\/div><div class=\"fusion-layout-column fusion_builder_column fusion-builder-column-1 fusion_builder_column_1_2 1_2 fusion-flex-column\" style=\"--awb-bg-size:cover;--awb-width-large:50%;--awb-margin-top-large:0px;--awb-spacing-right-large:3.84%;--awb-margin-bottom-large:20px;--awb-spacing-left-large:3.84%;--awb-width-medium:100%;--awb-order-medium:0;--awb-spacing-right-medium:1.92%;--awb-spacing-left-medium:1.92%;--awb-width-small:100%;--awb-order-small:0;--awb-spacing-right-small:1.92%;--awb-spacing-left-small:1.92%;\"><div class=\"fusion-column-wrapper fusion-column-has-shadow fusion-flex-justify-content-flex-start fusion-content-layout-column\"><div class=\"fusion-text fusion-text-3\"><p>Liyakatl\u0131 ve esnek elemanlar\u0131m\u0131z, i\u015fimizin kalitesi i\u00e7in \u00e7ok \u00f6nemlidir. S\u00fcrekli e\u011fitim yoluyla, uzman kadromuz bak\u0131ma muhta\u00e7lar ve yak\u0131nlar\u0131n\u0131n isteklerini yerine getirebilmek i\u00e7in bak\u0131m konusunda mevcut bilgi d\u00fczeyine ve en son bulgulara sahiptir.<\/p>\n<p><strong>N\u00fcrnberg ve F\u00fcrth kentlerindeki hem\u015firelik hizmetlerimizin hedefleri<\/strong><\/p>\n<ul>\n<li>Eme\u011fimiz herkesde memnuniyet yaratmal\u0131d\u0131r<\/li>\n<li>Aile fertleri i\u00e7in destek ve yard\u0131m olarak profesyonel tavsiye ve uzman bak\u0131m\u0131<\/li>\n<li>Bak\u0131ma muhta\u00e7larda izolasyondan ka\u00e7\u0131nmak: sosyal ihtiya\u00e7lar te\u015fvik edilir ve korunur<\/li>\n<li>Hastalar\u0131n anla\u015f\u0131ld\u0131\u011f\u0131n\u0131, kabul edildi\u011fini ve sayg\u0131 duyuldu\u011funu hissetmesi i\u00e7in empatik hasta bak\u0131m\u0131<\/li>\n<li>Karar verme yetene\u011fini, ba\u011f\u0131ms\u0131zl\u0131\u011f\u0131 ve ki\u015fisel sorumlulu\u011fu te\u015fvik etmek ve s\u00fcrd\u00fcrmek i\u00e7in bak\u0131m\u0131 etkinle\u015ftirme<\/li>\n<li>Hastalar\u0131n istek ve ihtiya\u00e7lar\u0131na g\u00f6re \u00f6mr\u00fcn keyifli tasar\u0131m\u0131<\/li>\n<\/ul>\n<p>Kendiniz veya yak\u0131nlar\u0131n\u0131z i\u00e7in g\u00fcvenilir ve huzurlu bir bak\u0131m istiyorsan\u0131z, T\u00fcrk bak\u0131m hizmeti HAYAT&#8217;\u0131 se\u00e7in!<\/p>\n<\/div><\/div><\/div><div class=\"fusion-layout-column fusion_builder_column fusion-builder-column-2 fusion_builder_column_1_2 1_2 fusion-flex-column\" style=\"--awb-padding-right-medium:0px;--awb-padding-left-medium:0px;--awb-bg-size:cover;--awb-width-large:50%;--awb-margin-top-large:0px;--awb-spacing-right-large:110px;--awb-margin-bottom-large:0px;--awb-spacing-left-large:3.84%;--awb-width-medium:60%;--awb-order-medium:0;--awb-spacing-right-medium:110px;--awb-spacing-left-medium:3.2%;--awb-width-small:100%;--awb-order-small:1;--awb-spacing-right-small:1.92%;--awb-margin-bottom-small:0px;--awb-spacing-left-small:1.92%;\"><div class=\"fusion-column-wrapper fusion-column-has-shadow fusion-flex-justify-content-center fusion-content-layout-column\"><\/div><\/div><\/div><\/div>\n","protected":false},"excerpt":{"rendered":"","protected":false},"author":1,"featured_media":5685,"parent":0,"menu_order":0,"comment_status":"closed","ping_status":"closed","template":"100-width.php","meta":{"footnotes":""},"class_list":["post-5915","page","type-page","status-publish","has-post-thumbnail","hentry"],"yoast_head":"<!-- This site is optimized with the Yoast SEO plugin v27.5 - https:\/\/yoast.com\/product\/yoast-seo-wordpress\/ -->\n<title>N\u00fcrnberg ve F\u00fcrth kentlerinde hizmet veren HAYAT&#039;\u0131n bak\u0131m misyonu<\/title>\n<meta name=\"description\" content=\"HAYAT, kalp, el ve ak\u0131l ile k\u00fclt\u00fcrel hassasiyetlere duyarl\u0131 bak\u0131m\u0131 temsil eder. Odak noktas\u0131 T\u00fcrkiye&#039;den ve \u0130slami k\u00fclt\u00fcrden gelen insanlard\u0131r.\" \/>\n<meta name=\"robots\" content=\"index, follow, max-snippet:-1, max-image-preview:large, max-video-preview:-1\" \/>\n<link rel=\"canonical\" href=\"https:\/\/www.pflegedienst-hayat.de\/tr\/hayat-bakim-konsepti\/\" \/>\n<meta property=\"og:locale\" content=\"tr_TR\" \/>\n<meta property=\"og:type\" content=\"article\" \/>\n<meta property=\"og:title\" content=\"N\u00fcrnberg ve F\u00fcrth kentlerinde hizmet veren HAYAT&#039;\u0131n bak\u0131m misyonu\" \/>\n<meta property=\"og:description\" content=\"HAYAT, kalp, el ve ak\u0131l ile k\u00fclt\u00fcrel hassasiyetlere duyarl\u0131 bak\u0131m\u0131 temsil eder. Odak noktas\u0131 T\u00fcrkiye&#039;den ve \u0130slami k\u00fclt\u00fcrden gelen insanlard\u0131r.\" \/>\n<meta property=\"og:url\" content=\"https:\/\/www.pflegedienst-hayat.de\/tr\/hayat-bakim-konsepti\/\" \/>\n<meta property=\"og:site_name\" content=\"Hayat Ambulanter Pflegedienst und Tagesst\u00e4tte\" \/>\n<meta property=\"article:modified_time\" content=\"2022-03-29T18:19:35+00:00\" \/>\n<meta property=\"og:image\" content=\"https:\/\/www.pflegedienst-hayat.de\/wp-content\/uploads\/4.jpg\" \/>\n\t<meta property=\"og:image:width\" content=\"1393\" \/>\n\t<meta property=\"og:image:height\" content=\"590\" \/>\n\t<meta property=\"og:image:type\" content=\"image\/jpeg\" \/>\n<meta name=\"twitter:card\" content=\"summary_large_image\" \/>\n<meta name=\"twitter:label1\" content=\"Tahmini okuma s\u00fcresi\" \/>\n\t<meta name=\"twitter:data1\" content=\"6 dakika\" \/>\n<script type=\"application\/ld+json\" class=\"yoast-schema-graph\">{\"@context\":\"https:\\\/\\\/schema.org\",\"@graph\":[{\"@type\":\"WebPage\",\"@id\":\"https:\\\/\\\/www.pflegedienst-hayat.de\\\/tr\\\/hayat-bakim-konsepti\\\/\",\"url\":\"https:\\\/\\\/www.pflegedienst-hayat.de\\\/tr\\\/hayat-bakim-konsepti\\\/\",\"name\":\"N\u00fcrnberg ve F\u00fcrth kentlerinde hizmet veren HAYAT'\u0131n bak\u0131m misyonu\",\"isPartOf\":{\"@id\":\"https:\\\/\\\/www.pflegedienst-hayat.de\\\/#website\"},\"primaryImageOfPage\":{\"@id\":\"https:\\\/\\\/www.pflegedienst-hayat.de\\\/tr\\\/hayat-bakim-konsepti\\\/#primaryimage\"},\"image\":{\"@id\":\"https:\\\/\\\/www.pflegedienst-hayat.de\\\/tr\\\/hayat-bakim-konsepti\\\/#primaryimage\"},\"thumbnailUrl\":\"https:\\\/\\\/www.pflegedienst-hayat.de\\\/wp-content\\\/uploads\\\/4.jpg\",\"datePublished\":\"2021-11-16T14:37:34+00:00\",\"dateModified\":\"2022-03-29T18:19:35+00:00\",\"description\":\"HAYAT, kalp, el ve ak\u0131l ile k\u00fclt\u00fcrel hassasiyetlere duyarl\u0131 bak\u0131m\u0131 temsil eder. Odak noktas\u0131 T\u00fcrkiye'den ve \u0130slami k\u00fclt\u00fcrden gelen insanlard\u0131r.\",\"breadcrumb\":{\"@id\":\"https:\\\/\\\/www.pflegedienst-hayat.de\\\/tr\\\/hayat-bakim-konsepti\\\/#breadcrumb\"},\"inLanguage\":\"tr\",\"potentialAction\":[{\"@type\":\"ReadAction\",\"target\":[\"https:\\\/\\\/www.pflegedienst-hayat.de\\\/tr\\\/hayat-bakim-konsepti\\\/\"]}]},{\"@type\":\"ImageObject\",\"inLanguage\":\"tr\",\"@id\":\"https:\\\/\\\/www.pflegedienst-hayat.de\\\/tr\\\/hayat-bakim-konsepti\\\/#primaryimage\",\"url\":\"https:\\\/\\\/www.pflegedienst-hayat.de\\\/wp-content\\\/uploads\\\/4.jpg\",\"contentUrl\":\"https:\\\/\\\/www.pflegedienst-hayat.de\\\/wp-content\\\/uploads\\\/4.jpg\",\"width\":1393,\"height\":590},{\"@type\":\"BreadcrumbList\",\"@id\":\"https:\\\/\\\/www.pflegedienst-hayat.de\\\/tr\\\/hayat-bakim-konsepti\\\/#breadcrumb\",\"itemListElement\":[{\"@type\":\"ListItem\",\"position\":1,\"name\":\"Startseite\",\"item\":\"https:\\\/\\\/www.pflegedienst-hayat.de\\\/tr\\\/ana-sayfa\\\/\"},{\"@type\":\"ListItem\",\"position\":2,\"name\":\"Bak\u0131m Konseptimiz\"}]},{\"@type\":\"WebSite\",\"@id\":\"https:\\\/\\\/www.pflegedienst-hayat.de\\\/#website\",\"url\":\"https:\\\/\\\/www.pflegedienst-hayat.de\\\/\",\"name\":\"Hayat Ambulanter Pflegedienst und Tagesst\u00e4tte\",\"description\":\"in N\u00fcrnberg und F\u00fcrth\",\"publisher\":{\"@id\":\"https:\\\/\\\/www.pflegedienst-hayat.de\\\/#organization\"},\"potentialAction\":[{\"@type\":\"SearchAction\",\"target\":{\"@type\":\"EntryPoint\",\"urlTemplate\":\"https:\\\/\\\/www.pflegedienst-hayat.de\\\/?s={search_term_string}\"},\"query-input\":{\"@type\":\"PropertyValueSpecification\",\"valueRequired\":true,\"valueName\":\"search_term_string\"}}],\"inLanguage\":\"tr\"},{\"@type\":\"Organization\",\"@id\":\"https:\\\/\\\/www.pflegedienst-hayat.de\\\/#organization\",\"name\":\"HAYAT \u2013 Ambulanter Pflegedienst und Tagesst\u00e4tte\",\"url\":\"https:\\\/\\\/www.pflegedienst-hayat.de\\\/\",\"logo\":{\"@type\":\"ImageObject\",\"inLanguage\":\"tr\",\"@id\":\"https:\\\/\\\/www.pflegedienst-hayat.de\\\/#\\\/schema\\\/logo\\\/image\\\/\",\"url\":\"https:\\\/\\\/www.pflegedienst-hayat.de\\\/wp-content\\\/uploads\\\/hayat-152.png\",\"contentUrl\":\"https:\\\/\\\/www.pflegedienst-hayat.de\\\/wp-content\\\/uploads\\\/hayat-152.png\",\"width\":152,\"height\":152,\"caption\":\"HAYAT \u2013 Ambulanter Pflegedienst und Tagesst\u00e4tte\"},\"image\":{\"@id\":\"https:\\\/\\\/www.pflegedienst-hayat.de\\\/#\\\/schema\\\/logo\\\/image\\\/\"}}]}<\/script>\n<!-- \/ Yoast SEO plugin. -->","yoast_head_json":{"title":"N\u00fcrnberg ve F\u00fcrth kentlerinde hizmet veren HAYAT'\u0131n bak\u0131m misyonu","description":"HAYAT, kalp, el ve ak\u0131l ile k\u00fclt\u00fcrel hassasiyetlere duyarl\u0131 bak\u0131m\u0131 temsil eder. Odak noktas\u0131 T\u00fcrkiye'den ve \u0130slami k\u00fclt\u00fcrden gelen insanlard\u0131r.","robots":{"index":"index","follow":"follow","max-snippet":"max-snippet:-1","max-image-preview":"max-image-preview:large","max-video-preview":"max-video-preview:-1"},"canonical":"https:\/\/www.pflegedienst-hayat.de\/tr\/hayat-bakim-konsepti\/","og_locale":"tr_TR","og_type":"article","og_title":"N\u00fcrnberg ve F\u00fcrth kentlerinde hizmet veren HAYAT'\u0131n bak\u0131m misyonu","og_description":"HAYAT, kalp, el ve ak\u0131l ile k\u00fclt\u00fcrel hassasiyetlere duyarl\u0131 bak\u0131m\u0131 temsil eder. Odak noktas\u0131 T\u00fcrkiye'den ve \u0130slami k\u00fclt\u00fcrden gelen insanlard\u0131r.","og_url":"https:\/\/www.pflegedienst-hayat.de\/tr\/hayat-bakim-konsepti\/","og_site_name":"Hayat Ambulanter Pflegedienst und Tagesst\u00e4tte","article_modified_time":"2022-03-29T18:19:35+00:00","og_image":[{"width":1393,"height":590,"url":"https:\/\/www.pflegedienst-hayat.de\/wp-content\/uploads\/4.jpg","type":"image\/jpeg"}],"twitter_card":"summary_large_image","twitter_misc":{"Tahmini okuma s\u00fcresi":"6 dakika"},"schema":{"@context":"https:\/\/schema.org","@graph":[{"@type":"WebPage","@id":"https:\/\/www.pflegedienst-hayat.de\/tr\/hayat-bakim-konsepti\/","url":"https:\/\/www.pflegedienst-hayat.de\/tr\/hayat-bakim-konsepti\/","name":"N\u00fcrnberg ve F\u00fcrth kentlerinde hizmet veren HAYAT'\u0131n bak\u0131m misyonu","isPartOf":{"@id":"https:\/\/www.pflegedienst-hayat.de\/#website"},"primaryImageOfPage":{"@id":"https:\/\/www.pflegedienst-hayat.de\/tr\/hayat-bakim-konsepti\/#primaryimage"},"image":{"@id":"https:\/\/www.pflegedienst-hayat.de\/tr\/hayat-bakim-konsepti\/#primaryimage"},"thumbnailUrl":"https:\/\/www.pflegedienst-hayat.de\/wp-content\/uploads\/4.jpg","datePublished":"2021-11-16T14:37:34+00:00","dateModified":"2022-03-29T18:19:35+00:00","description":"HAYAT, kalp, el ve ak\u0131l ile k\u00fclt\u00fcrel hassasiyetlere duyarl\u0131 bak\u0131m\u0131 temsil eder. Odak noktas\u0131 T\u00fcrkiye'den ve \u0130slami k\u00fclt\u00fcrden gelen insanlard\u0131r.","breadcrumb":{"@id":"https:\/\/www.pflegedienst-hayat.de\/tr\/hayat-bakim-konsepti\/#breadcrumb"},"inLanguage":"tr","potentialAction":[{"@type":"ReadAction","target":["https:\/\/www.pflegedienst-hayat.de\/tr\/hayat-bakim-konsepti\/"]}]},{"@type":"ImageObject","inLanguage":"tr","@id":"https:\/\/www.pflegedienst-hayat.de\/tr\/hayat-bakim-konsepti\/#primaryimage","url":"https:\/\/www.pflegedienst-hayat.de\/wp-content\/uploads\/4.jpg","contentUrl":"https:\/\/www.pflegedienst-hayat.de\/wp-content\/uploads\/4.jpg","width":1393,"height":590},{"@type":"BreadcrumbList","@id":"https:\/\/www.pflegedienst-hayat.de\/tr\/hayat-bakim-konsepti\/#breadcrumb","itemListElement":[{"@type":"ListItem","position":1,"name":"Startseite","item":"https:\/\/www.pflegedienst-hayat.de\/tr\/ana-sayfa\/"},{"@type":"ListItem","position":2,"name":"Bak\u0131m Konseptimiz"}]},{"@type":"WebSite","@id":"https:\/\/www.pflegedienst-hayat.de\/#website","url":"https:\/\/www.pflegedienst-hayat.de\/","name":"Hayat Ambulanter Pflegedienst und Tagesst\u00e4tte","description":"in N\u00fcrnberg und F\u00fcrth","publisher":{"@id":"https:\/\/www.pflegedienst-hayat.de\/#organization"},"potentialAction":[{"@type":"SearchAction","target":{"@type":"EntryPoint","urlTemplate":"https:\/\/www.pflegedienst-hayat.de\/?s={search_term_string}"},"query-input":{"@type":"PropertyValueSpecification","valueRequired":true,"valueName":"search_term_string"}}],"inLanguage":"tr"},{"@type":"Organization","@id":"https:\/\/www.pflegedienst-hayat.de\/#organization","name":"HAYAT \u2013 Ambulanter Pflegedienst und Tagesst\u00e4tte","url":"https:\/\/www.pflegedienst-hayat.de\/","logo":{"@type":"ImageObject","inLanguage":"tr","@id":"https:\/\/www.pflegedienst-hayat.de\/#\/schema\/logo\/image\/","url":"https:\/\/www.pflegedienst-hayat.de\/wp-content\/uploads\/hayat-152.png","contentUrl":"https:\/\/www.pflegedienst-hayat.de\/wp-content\/uploads\/hayat-152.png","width":152,"height":152,"caption":"HAYAT \u2013 Ambulanter Pflegedienst und Tagesst\u00e4tte"},"image":{"@id":"https:\/\/www.pflegedienst-hayat.de\/#\/schema\/logo\/image\/"}}]}},"_links":{"self":[{"href":"https:\/\/www.pflegedienst-hayat.de\/tr\/wp-json\/wp\/v2\/pages\/5915","targetHints":{"allow":["GET"]}}],"collection":[{"href":"https:\/\/www.pflegedienst-hayat.de\/tr\/wp-json\/wp\/v2\/pages"}],"about":[{"href":"https:\/\/www.pflegedienst-hayat.de\/tr\/wp-json\/wp\/v2\/types\/page"}],"author":[{"embeddable":true,"href":"https:\/\/www.pflegedienst-hayat.de\/tr\/wp-json\/wp\/v2\/users\/1"}],"replies":[{"embeddable":true,"href":"https:\/\/www.pflegedienst-hayat.de\/tr\/wp-json\/wp\/v2\/comments?post=5915"}],"version-history":[{"count":9,"href":"https:\/\/www.pflegedienst-hayat.de\/tr\/wp-json\/wp\/v2\/pages\/5915\/revisions"}],"predecessor-version":[{"id":6493,"href":"https:\/\/www.pflegedienst-hayat.de\/tr\/wp-json\/wp\/v2\/pages\/5915\/revisions\/6493"}],"wp:featuredmedia":[{"embeddable":true,"href":"https:\/\/www.pflegedienst-hayat.de\/tr\/wp-json\/wp\/v2\/media\/5685"}],"wp:attachment":[{"href":"https:\/\/www.pflegedienst-hayat.de\/tr\/wp-json\/wp\/v2\/media?parent=5915"}],"curies":[{"name":"wp","href":"https:\/\/api.w.org\/{rel}","templated":true}]}}